{"id":579,"date":"2021-08-31T04:35:43","date_gmt":"2021-08-31T07:35:43","guid":{"rendered":"https:\/\/supriete.com.br\/?page_id=579"},"modified":"2022-12-12T13:49:22","modified_gmt":"2022-12-12T16:49:22","slug":"manutencaopreventiva","status":"publish","type":"page","link":"https:\/\/supriete.com.br\/index.php\/manutencaopreventiva\/","title":{"rendered":"Manuten\u00e7\u00e3o Corretiva e Preventiva"},"content":{"rendered":"\t\t<div data-elementor-type=\"wp-page\" data-elementor-id=\"579\" class=\"elementor elementor-579\" data-elementor-settings=\"[]\">\n\t\t\t\t\t\t\t<div class=\"elementor-section-wrap\">\n\t\t\t\t\t\t\t<section class=\"elementor-section elementor-top-section elementor-element elementor-element-67b491f elementor-section-height-min-height elementor-section-boxed elementor-section-height-default elementor-section-items-middle\" data-id=\"67b491f\" data-element_type=\"section\" data-settings=\"{&quot;background_background&quot;:&quot;classic&quot;}\">\n\t\t\t\t\t\t\t<div class=\"elementor-background-overlay\"><\/div>\n\t\t\t\t\t\t\t<div class=\"elementor-container elementor-column-gap-default\">\n\t\t\t\t\t<div class=\"elementor-column elementor-col-100 elementor-top-column elementor-element elementor-element-8e6f7bb\" data-id=\"8e6f7bb\" data-element_type=\"column\">\n\t\t\t<div class=\"elementor-widget-wrap elementor-element-populated\">\n\t\t\t\t\t\t\t\t<div class=\"elementor-element elementor-element-e78e7a1 elementor-widget elementor-widget-heading\" data-id=\"e78e7a1\" data-element_type=\"widget\" data-widget_type=\"heading.default\">\n\t\t\t\t<div class=\"elementor-widget-container\">\n\t\t\t<h2 class=\"elementor-heading-title elementor-size-default\">Manuten\u00e7\u00e3o Preventiva e Corretiva<\/h2>\t\t<\/div>\n\t\t\t\t<\/div>\n\t\t\t\t\t<\/div>\n\t\t<\/div>\n\t\t\t\t\t\t\t<\/div>\n\t\t<\/section>\n\t\t\t\t<section class=\"elementor-section elementor-top-section elementor-element elementor-element-9b5bb98 elementor-section-boxed elementor-section-height-default elementor-section-height-default elementor-invisible\" data-id=\"9b5bb98\" data-element_type=\"section\" data-settings=\"{&quot;animation&quot;:&quot;fadeInDown&quot;}\">\n\t\t\t\t\t\t<div class=\"elementor-container elementor-column-gap-default\">\n\t\t\t\t\t<div class=\"elementor-column elementor-col-50 elementor-top-column elementor-element elementor-element-7f85deb\" data-id=\"7f85deb\" data-element_type=\"column\">\n\t\t\t<div class=\"elementor-widget-wrap elementor-element-populated\">\n\t\t\t\t\t\t\t\t<div class=\"elementor-element elementor-element-762e6f2 elementor-tabs-view-horizontal elementor-invisible elementor-widget elementor-widget-tabs\" data-id=\"762e6f2\" data-element_type=\"widget\" data-settings=\"{&quot;_animation&quot;:&quot;fadeIn&quot;}\" data-widget_type=\"tabs.default\">\n\t\t\t\t<div class=\"elementor-widget-container\">\n\t\t\t\t\t<div class=\"elementor-tabs\">\n\t\t\t<div class=\"elementor-tabs-wrapper\" role=\"tablist\" >\n\t\t\t\t\t\t\t\t\t<div id=\"elementor-tab-title-1231\" class=\"elementor-tab-title elementor-tab-desktop-title\" aria-selected=\"true\" data-tab=\"1\" role=\"tab\" tabindex=\"0\" aria-controls=\"elementor-tab-content-1231\" aria-expanded=\"false\"> Manuten\u00e7\u00e3o Preventiva e Corretiva<\/div>\n\t\t\t\t\t\t\t<\/div>\n\t\t\t<div class=\"elementor-tabs-content-wrapper\" role=\"tablist\" aria-orientation=\"vertical\">\n\t\t\t\t\t\t\t\t\t<div class=\"elementor-tab-title elementor-tab-mobile-title\" aria-selected=\"true\" data-tab=\"1\" role=\"tab\" tabindex=\"0\" aria-controls=\"elementor-tab-content-1231\" aria-expanded=\"false\"> Manuten\u00e7\u00e3o Preventiva e Corretiva<\/div>\n\t\t\t\t\t<div id=\"elementor-tab-content-1231\" class=\"elementor-tab-content elementor-clearfix\" data-tab=\"1\" role=\"tabpanel\" aria-labelledby=\"elementor-tab-title-1231\" tabindex=\"0\" hidden=\"false\"><h2>MANUTEN\u00c7\u00c3O<\/h2><p>Realizamos avalia\u00e7\u00f5es e executamos servi\u00e7os de manuten\u00e7\u00e3o Preventiva e Corretiva em Equipamentos que estejam em opera\u00e7\u00e3o, desativados ou obsoletos. Vale lembrar que, sempre que houver necessidade, a\u00a0<strong>SUPRIETE<\/strong>\u00a0oferece solu\u00e7\u00f5es de melhoria de esta\u00e7\u00f5es j\u00e1 em opera\u00e7\u00e3o, como Filtros, Reatores, Sistemas de Desinfec\u00e7\u00e3o e outros.<\/p><p>O cliente pode optar por um contrato Mensal, Trimestral ou Semestral, com ou sem an\u00e1lise laboratorial.<\/p><\/div>\n\t\t\t\t\t\t\t<\/div>\n\t\t<\/div>\n\t\t\t\t<\/div>\n\t\t\t\t<\/div>\n\t\t\t\t<section class=\"elementor-section elementor-inner-section elementor-element elementor-element-f6c1e80 elementor-section-boxed elementor-section-height-default elementor-section-height-default\" data-id=\"f6c1e80\" data-element_type=\"section\">\n\t\t\t\t\t\t<div class=\"elementor-container elementor-column-gap-default\">\n\t\t\t\t\t<div class=\"elementor-column elementor-col-25 elementor-inner-column elementor-element elementor-element-4204e05\" data-id=\"4204e05\" data-element_type=\"column\">\n\t\t\t<div class=\"elementor-widget-wrap elementor-element-populated\">\n\t\t\t\t\t\t\t\t<div class=\"elementor-element elementor-element-8076696 elementor-widget elementor-widget-image\" data-id=\"8076696\" data-element_type=\"widget\" data-widget_type=\"image.default\">\n\t\t\t\t<div class=\"elementor-widget-container\">\n\t\t\t\t\t\t\t\t\t\t\t\t\t\t\t<img loading=\"lazy\" decoding=\"async\" width=\"720\" height=\"405\" src=\"https:\/\/supriete.com.br\/wp-content\/uploads\/2021\/08\/manutencao4.jpeg\" class=\"attachment-full size-full\" alt=\"\" srcset=\"https:\/\/supriete.com.br\/wp-content\/uploads\/2021\/08\/manutencao4.jpeg 720w, https:\/\/supriete.com.br\/wp-content\/uploads\/2021\/08\/manutencao4-300x169.jpeg 300w\" sizes=\"auto, (max-width: 720px) 100vw, 720px\" \/>\t\t\t\t\t\t\t\t\t\t\t\t\t\t\t<\/div>\n\t\t\t\t<\/div>\n\t\t\t\t\t<\/div>\n\t\t<\/div>\n\t\t\t\t<div class=\"elementor-column elementor-col-25 elementor-inner-column elementor-element elementor-element-f3fc2e8\" data-id=\"f3fc2e8\" data-element_type=\"column\">\n\t\t\t<div class=\"elementor-widget-wrap elementor-element-populated\">\n\t\t\t\t\t\t\t\t<div class=\"elementor-element elementor-element-d77e0dd elementor-widget elementor-widget-image\" data-id=\"d77e0dd\" data-element_type=\"widget\" data-widget_type=\"image.default\">\n\t\t\t\t<div class=\"elementor-widget-container\">\n\t\t\t\t\t\t\t\t\t\t\t\t\t\t\t<img loading=\"lazy\" decoding=\"async\" width=\"719\" height=\"600\" src=\"https:\/\/supriete.com.br\/wp-content\/uploads\/2021\/08\/manutencao5-e1630396025251.jpeg\" class=\"attachment-large size-large\" alt=\"\" srcset=\"https:\/\/supriete.com.br\/wp-content\/uploads\/2021\/08\/manutencao5-e1630396025251.jpeg 719w, https:\/\/supriete.com.br\/wp-content\/uploads\/2021\/08\/manutencao5-e1630396025251-300x250.jpeg 300w\" sizes=\"auto, (max-width: 719px) 100vw, 719px\" \/>\t\t\t\t\t\t\t\t\t\t\t\t\t\t\t<\/div>\n\t\t\t\t<\/div>\n\t\t\t\t\t<\/div>\n\t\t<\/div>\n\t\t\t\t<div class=\"elementor-column elementor-col-25 elementor-inner-column elementor-element elementor-element-b840b7c\" data-id=\"b840b7c\" data-element_type=\"column\">\n\t\t\t<div class=\"elementor-widget-wrap elementor-element-populated\">\n\t\t\t\t\t\t\t\t<div class=\"elementor-element elementor-element-815ac1a elementor-widget elementor-widget-image\" data-id=\"815ac1a\" data-element_type=\"widget\" data-widget_type=\"image.default\">\n\t\t\t\t<div class=\"elementor-widget-container\">\n\t\t\t\t\t\t\t\t\t\t\t\t\t\t\t<img loading=\"lazy\" decoding=\"async\" width=\"720\" height=\"423\" src=\"https:\/\/supriete.com.br\/wp-content\/uploads\/2021\/08\/manutenca02.jpeg\" class=\"attachment-large size-large\" alt=\"\" srcset=\"https:\/\/supriete.com.br\/wp-content\/uploads\/2021\/08\/manutenca02.jpeg 720w, https:\/\/supriete.com.br\/wp-content\/uploads\/2021\/08\/manutenca02-300x176.jpeg 300w\" sizes=\"auto, (max-width: 720px) 100vw, 720px\" \/>\t\t\t\t\t\t\t\t\t\t\t\t\t\t\t<\/div>\n\t\t\t\t<\/div>\n\t\t\t\t\t<\/div>\n\t\t<\/div>\n\t\t\t\t<div class=\"elementor-column elementor-col-25 elementor-inner-column elementor-element elementor-element-d558b9c\" data-id=\"d558b9c\" data-element_type=\"column\">\n\t\t\t<div class=\"elementor-widget-wrap elementor-element-populated\">\n\t\t\t\t\t\t\t\t<div class=\"elementor-element elementor-element-1f83ae9 elementor-widget elementor-widget-image\" data-id=\"1f83ae9\" data-element_type=\"widget\" data-widget_type=\"image.default\">\n\t\t\t\t<div class=\"elementor-widget-container\">\n\t\t\t\t\t\t\t\t\t\t\t\t\t\t\t<img loading=\"lazy\" decoding=\"async\" width=\"720\" height=\"405\" src=\"https:\/\/supriete.com.br\/wp-content\/uploads\/2021\/08\/manutencao2.jpeg\" class=\"attachment-large size-large\" alt=\"\" srcset=\"https:\/\/supriete.com.br\/wp-content\/uploads\/2021\/08\/manutencao2.jpeg 720w, https:\/\/supriete.com.br\/wp-content\/uploads\/2021\/08\/manutencao2-300x169.jpeg 300w\" sizes=\"auto, (max-width: 720px) 100vw, 720px\" \/>\t\t\t\t\t\t\t\t\t\t\t\t\t\t\t<\/div>\n\t\t\t\t<\/div>\n\t\t\t\t\t<\/div>\n\t\t<\/div>\n\t\t\t\t\t\t\t<\/div>\n\t\t<\/section>\n\t\t\t\t\t<\/div>\n\t\t<\/div>\n\t\t\t\t<div class=\"elementor-column elementor-col-50 elementor-top-column elementor-element elementor-element-430266a\" data-id=\"430266a\" data-element_type=\"column\">\n\t\t\t<div class=\"elementor-widget-wrap elementor-element-populated\">\n\t\t\t\t\t\t\t\t<div class=\"elementor-element elementor-element-5d48e98 elementor-widget elementor-widget-image\" data-id=\"5d48e98\" data-element_type=\"widget\" data-widget_type=\"image.default\">\n\t\t\t\t<div class=\"elementor-widget-container\">\n\t\t\t\t\t\t\t\t\t\t\t\t\t\t\t<img loading=\"lazy\" decoding=\"async\" width=\"724\" height=\"1024\" src=\"https:\/\/supriete.com.br\/wp-content\/uploads\/2022\/12\/WhatsApp-Image-2022-12-11-at-15.40.26-724x1024.jpeg\" class=\"attachment-large size-large\" alt=\"\" srcset=\"https:\/\/supriete.com.br\/wp-content\/uploads\/2022\/12\/WhatsApp-Image-2022-12-11-at-15.40.26-724x1024.jpeg 724w, https:\/\/supriete.com.br\/wp-content\/uploads\/2022\/12\/WhatsApp-Image-2022-12-11-at-15.40.26-212x300.jpeg 212w, https:\/\/supriete.com.br\/wp-content\/uploads\/2022\/12\/WhatsApp-Image-2022-12-11-at-15.40.26-768x1086.jpeg 768w, https:\/\/supriete.com.br\/wp-content\/uploads\/2022\/12\/WhatsApp-Image-2022-12-11-at-15.40.26-1086x1536.jpeg 1086w, https:\/\/supriete.com.br\/wp-content\/uploads\/2022\/12\/WhatsApp-Image-2022-12-11-at-15.40.26.jpeg 1131w\" sizes=\"auto, (max-width: 724px) 100vw, 724px\" \/>\t\t\t\t\t\t\t\t\t\t\t\t\t\t\t<\/div>\n\t\t\t\t<\/div>\n\t\t\t\t\t<\/div>\n\t\t<\/div>\n\t\t\t\t\t\t\t<\/div>\n\t\t<\/section>\n\t\t\t\t<section class=\"elementor-section elementor-top-section elementor-element elementor-element-6f62060 elementor-section-boxed elementor-section-height-default elementor-section-height-default\" data-id=\"6f62060\" data-element_type=\"section\">\n\t\t\t\t\t\t<div class=\"elementor-container elementor-column-gap-default\">\n\t\t\t\t\t<div class=\"elementor-column elementor-col-100 elementor-top-column elementor-element elementor-element-9bc7475\" data-id=\"9bc7475\" data-element_type=\"column\">\n\t\t\t<div class=\"elementor-widget-wrap\">\n\t\t\t\t\t\t\t\t\t<\/div>\n\t\t<\/div>\n\t\t\t\t\t\t\t<\/div>\n\t\t<\/section>\n\t\t\t\t\t\t<\/div>\n\t\t\t\t\t<\/div>\n\t\t","protected":false},"excerpt":{"rendered":"<p>Manuten\u00e7\u00e3o Preventiva e Corretiva Manuten\u00e7\u00e3o Preventiva e Corretiva Manuten\u00e7\u00e3o Preventiva e Corretiva MANUTEN\u00c7\u00c3O Realizamos avalia\u00e7\u00f5es e executamos servi\u00e7os de manuten\u00e7\u00e3o Preventiva e Corretiva em Equipamentos que estejam em opera\u00e7\u00e3o, desativados ou obsoletos. Vale lembrar que, sempre que houver necessidade, a\u00a0SUPRIETE\u00a0oferece solu\u00e7\u00f5es de melhoria de esta\u00e7\u00f5es j\u00e1 em opera\u00e7\u00e3o, como Filtros, Reatores, Sistemas de Desinfec\u00e7\u00e3o e [&hellip;]<\/p>\n","protected":false},"author":1,"featured_media":0,"parent":0,"menu_order":0,"comment_status":"closed","ping_status":"closed","template":"elementor_header_footer","meta":{"footnotes":""},"class_list":["post-579","page","type-page","status-publish","hentry"],"_links":{"self":[{"href":"https:\/\/supriete.com.br\/index.php\/wp-json\/wp\/v2\/pages\/579","targetHints":{"allow":["GET"]}}],"collection":[{"href":"https:\/\/supriete.com.br\/index.php\/wp-json\/wp\/v2\/pages"}],"about":[{"href":"https:\/\/supriete.com.br\/index.php\/wp-json\/wp\/v2\/types\/page"}],"author":[{"embeddable":true,"href":"https:\/\/supriete.com.br\/index.php\/wp-json\/wp\/v2\/users\/1"}],"replies":[{"embeddable":true,"href":"https:\/\/supriete.com.br\/index.php\/wp-json\/wp\/v2\/comments?post=579"}],"version-history":[{"count":63,"href":"https:\/\/supriete.com.br\/index.php\/wp-json\/wp\/v2\/pages\/579\/revisions"}],"predecessor-version":[{"id":2513,"href":"https:\/\/supriete.com.br\/index.php\/wp-json\/wp\/v2\/pages\/579\/revisions\/2513"}],"wp:attachment":[{"href":"https:\/\/supriete.com.br\/index.php\/wp-json\/wp\/v2\/media?parent=579"}],"curies":[{"name":"wp","href":"https:\/\/api.w.org\/{rel}","templated":true}]}}