{"id":540,"date":"2021-08-31T03:50:26","date_gmt":"2021-08-31T06:50:26","guid":{"rendered":"https:\/\/supriete.com.br\/?page_id=540"},"modified":"2022-12-09T17:49:02","modified_gmt":"2022-12-09T20:49:02","slug":"licenciamentoambiental","status":"publish","type":"page","link":"https:\/\/supriete.com.br\/index.php\/licenciamentoambiental\/","title":{"rendered":"Licenciamento Ambiental"},"content":{"rendered":"\t\t<div data-elementor-type=\"wp-page\" data-elementor-id=\"540\" class=\"elementor elementor-540\" data-elementor-settings=\"[]\">\n\t\t\t\t\t\t\t<div class=\"elementor-section-wrap\">\n\t\t\t\t\t\t\t<section class=\"elementor-section elementor-top-section elementor-element elementor-element-35f5ffcf elementor-section-height-min-height elementor-section-boxed elementor-section-height-default elementor-section-items-middle\" data-id=\"35f5ffcf\" data-element_type=\"section\" data-settings=\"{&quot;background_background&quot;:&quot;classic&quot;}\">\n\t\t\t\t\t\t\t<div class=\"elementor-background-overlay\"><\/div>\n\t\t\t\t\t\t\t<div class=\"elementor-container elementor-column-gap-default\">\n\t\t\t\t\t<div class=\"elementor-column elementor-col-100 elementor-top-column elementor-element elementor-element-7f377d3c\" data-id=\"7f377d3c\" data-element_type=\"column\">\n\t\t\t<div class=\"elementor-widget-wrap elementor-element-populated\">\n\t\t\t\t\t\t\t\t<div class=\"elementor-element elementor-element-7c4996ee elementor-widget elementor-widget-heading\" data-id=\"7c4996ee\" data-element_type=\"widget\" data-widget_type=\"heading.default\">\n\t\t\t\t<div class=\"elementor-widget-container\">\n\t\t\t<h2 class=\"elementor-heading-title elementor-size-default\">Licenciamento Ambiental<\/h2>\t\t<\/div>\n\t\t\t\t<\/div>\n\t\t\t\t\t<\/div>\n\t\t<\/div>\n\t\t\t\t\t\t\t<\/div>\n\t\t<\/section>\n\t\t\t\t<section class=\"elementor-section elementor-top-section elementor-element elementor-element-53a66f4a elementor-section-boxed elementor-section-height-default elementor-section-height-default elementor-invisible\" data-id=\"53a66f4a\" data-element_type=\"section\" data-settings=\"{&quot;animation&quot;:&quot;fadeInDown&quot;}\">\n\t\t\t\t\t\t<div class=\"elementor-container elementor-column-gap-default\">\n\t\t\t\t\t<div class=\"elementor-column elementor-col-100 elementor-top-column elementor-element elementor-element-27e1ecef\" data-id=\"27e1ecef\" data-element_type=\"column\">\n\t\t\t<div class=\"elementor-widget-wrap elementor-element-populated\">\n\t\t\t\t\t\t\t\t<div class=\"elementor-element elementor-element-22764d47 elementor-tabs-view-horizontal elementor-invisible elementor-widget elementor-widget-tabs\" data-id=\"22764d47\" data-element_type=\"widget\" data-settings=\"{&quot;_animation&quot;:&quot;fadeIn&quot;}\" data-widget_type=\"tabs.default\">\n\t\t\t\t<div class=\"elementor-widget-container\">\n\t\t\t\t\t<div class=\"elementor-tabs\">\n\t\t\t<div class=\"elementor-tabs-wrapper\" role=\"tablist\" >\n\t\t\t\t\t\t\t\t\t<div id=\"elementor-tab-title-5781\" class=\"elementor-tab-title elementor-tab-desktop-title\" aria-selected=\"true\" data-tab=\"1\" role=\"tab\" tabindex=\"0\" aria-controls=\"elementor-tab-content-5781\" aria-expanded=\"false\">Licenciamento Ambiental<\/div>\n\t\t\t\t\t\t\t<\/div>\n\t\t\t<div class=\"elementor-tabs-content-wrapper\" role=\"tablist\" aria-orientation=\"vertical\">\n\t\t\t\t\t\t\t\t\t<div class=\"elementor-tab-title elementor-tab-mobile-title\" aria-selected=\"true\" data-tab=\"1\" role=\"tab\" tabindex=\"0\" aria-controls=\"elementor-tab-content-5781\" aria-expanded=\"false\">Licenciamento Ambiental<\/div>\n\t\t\t\t\t<div id=\"elementor-tab-content-5781\" class=\"elementor-tab-content elementor-clearfix\" data-tab=\"1\" role=\"tabpanel\" aria-labelledby=\"elementor-tab-title-5781\" tabindex=\"0\" hidden=\"false\"><h3><a id=\"QUEM_REALIZA_O_LICENCIAMENTO_AMBIENTAL\"><\/a>QUEM REALIZA O LICENCIAMENTO AMBIENTAL?<\/h3><p>\u00a0<\/p><p>Conforme a Resolu\u00e7\u00e3o CONAMA n\u00ba237\/1997, entre outras normas, a compet\u00eancia para licenciar \u00e9 dos \u00f3rg\u00e3os integrantes do Sistema Nacional do Meio Ambiente \u2013 SISNAMA, respons\u00e1veis pela prote\u00e7\u00e3o e melhoria da qualidade ambiental. O licenciamento pode ser de compet\u00eancia da esfera federal, estadual ou municipal. Isso depende de crit\u00e9rios como a localiza\u00e7\u00e3o e abrang\u00eancia dos impactos decorrentes do empreendimento.<\/p><p>Se o impacto ambiental for nacional ou regional, quando a \u00e1rea de influ\u00eancia direta do projeto \u00e9 localizada em dois ou mais Estados, a compet\u00eancia \u00e9 do IBAMA. Tamb\u00e9m \u00e9 do IBAMA quando os impactos ultrapassam o territ\u00f3rio nacional, se localizarem no mar territorial, plataforma continental; zona econ\u00f4mica exclusiva; terras ind\u00edgenas ou em Unidades de Conserva\u00e7\u00e3o da Uni\u00e3o, ou quando s\u00e3o relativos \u00e0 material radioativo, ou utilizem energia nuclear ou ainda com bases ou empreendimentos militares.<\/p><p>Em geral, o licenciamento ambiental compete aos \u00f3rg\u00e3os estaduais. \u00c9 dos Estados o licenciamento de empreendimentos localizados em mais de um munic\u00edpio ou em Unidade de Conserva\u00e7\u00e3o estadual; localizados ou desenvolvidos nas florestas e demais formas de vegeta\u00e7\u00e3o natural de preserva\u00e7\u00e3o permanente ou cujos impactos ambientais diretos ultrapassem os limites territoriais de um ou mais munic\u00edpios.\u00a0<\/p><p>A Lei Complementar n\u00ba 140\/2011 tornou clara a compet\u00eancia administrativa do Munic\u00edpio para realizar o licenciamento, para empreendimentos de impacto local ou que afetem Unidades de Conserva\u00e7\u00e3o do Munic\u00edpio.\u00a0<\/p><p>\u00a0<\/p><h3><a id=\"QUEM_PRECISA_DE_LICENCIAMENTO_AMBIENTAL\"><\/a>QUEM PRECISA DE LICENCIAMENTO AMBIENTAL?<\/h3><p>\u00a0<\/p><p>Todo empreendimento ou atividade que causar, efetiva ou potencialmente, impacto ambiental deve estar sujeito ao licenciamento ambiental.<\/p><p>Segundo a Resolu\u00e7\u00e3o CONAMA n\u00ba 237\/1997, s\u00e3o exemplos de empreendimentos sujeitos ao licenciamento ambiental: minera\u00e7\u00e3o, ind\u00fastrias, rodovias, ferrovias, aeroportos, barragens, transmiss\u00e3o de energia el\u00e9trica, esta\u00e7\u00e3o de tratamento de \u00e1gua, esta\u00e7\u00e3o de tratamento e elevat\u00f3rias de esgoto, tratamento e destina\u00e7\u00e3o de res\u00edduos, transporte, terminais, dep\u00f3sitos, transporte, complexos tur\u00edsticos, parcelamento do solo, distritos industriais, atividades agropecu\u00e1rias.<\/p><p>A lista \u00e9 exemplificativa, outras atividades causam impactos semelhantes e tamb\u00e9m necessitam de licenciamento. O enquadramento de cada tipo de atividade ou empreendimento depende da regulamenta\u00e7\u00e3o espec\u00edfica do \u00f3rg\u00e3o ambiental competente.<\/p><p>Considera-se para tanto crit\u00e9rios de porte, potencial poluidor e de risco ambiental e a caracter\u00edstica e natureza da atividade.<\/p><p>Uma consulta ao \u00f3rg\u00e3o ambiental competente deve ser feita para tirar poss\u00edveis d\u00favidas.<\/p><h2>\u00a0<\/h2><h3><a id=\"E_se_nao_tiver_o_Licenciamento_Ambiental\"><\/a>E se n\u00e3o tiver o Licenciamento Ambiental, o que acontece?<\/h3><p>\u00a0<\/p><p>De acordo com a Lei de Crimes Ambientais (Lei Federal n\u00ba 9.605\/98), construir, reformar, ampliar, instalar ou fazer funcionar, empreendimentos sem a licen\u00e7a ou autoriza\u00e7\u00e3o ambiental constitui crime ambiental.<\/p><p>Al\u00e9m de pun\u00edvel com deten\u00e7\u00e3o e multa no processo penal, uma fiscaliza\u00e7\u00e3o pode determinar a paralisa\u00e7\u00e3o ou fechamento da atividade, pagamento de multa no valor que pode variar de R$ 50,00 a R$ 50.000.000,00, danos \u00e0 imagem da empresa e impedimento de obter financiamentos banc\u00e1rios e de contratar com o Poder P\u00fablico. Audi\u00eancias P\u00fablicas s\u00e3o obrigat\u00f3rias?<\/p><p>Durante o licenciamento, a crit\u00e9rio do \u00f3rg\u00e3o ambiental competente, poder\u00e3o ser realizadas audi\u00eancias p\u00fablicas, com a finalidade de democratizar informa\u00e7\u00f5es, dirimir d\u00favidas e coletar cr\u00edticas e sugest\u00f5es a respeito do projeto e do estudo ambiental.<\/p><p>\u00a0<\/p><h3><a id=\"Quais_sao_as_Licencas_Ambientais\"><\/a>Quais s\u00e3o as Licen\u00e7as Ambientais?<\/h3><p>\u00a0<\/p><p>A Licen\u00e7a Ambiental \u00e9 o ato administrativo pelo qual o \u00f3rg\u00e3o estabelece as condi\u00e7\u00f5es, restri\u00e7\u00f5es e medidas de controle ambiental. Em regra, o licenciamento ambiental \u00e9 composto por tr\u00eas fases:<\/p><p><strong>Licen\u00e7a Pr\u00e9via (LP)<\/strong>\u00a0\u2013\u00a0 Concedida na fase de planejamento, atesta a viabilidade ambiental da concep\u00e7\u00e3o e localiza\u00e7\u00e3o do empreendimento e determina condicionantes a serem atendidas na pr\u00f3xima fase.<\/p><p><strong>Licen\u00e7a de Instala\u00e7\u00e3o (LI)<\/strong>\u00a0\u2013 Concede ao empreendedor o direito de construir ou instalar o empreendimento conforme especifica\u00e7\u00f5es constantes dos planos, programas e projetos aprovados, especialmente medidas de controle ambiental para a fase de obras ou implanta\u00e7\u00e3o.<\/p><p><strong>Licen\u00e7a de Opera\u00e7\u00e3o (LO)<\/strong>\u00a0\u2013 Licencia o funcionamento, ap\u00f3s a verifica\u00e7\u00e3o do cumprimento das exig\u00eancias feitas nas licen\u00e7as anteriores e das medidas de controle ambiental e condicionantes. Concedida a licen\u00e7a de opera\u00e7\u00e3o, fica o\u00a0empreendedor obrigado a implementar as medidas de controle ambiental e as demais condicionantes estabelecidas, sob pena de ter a LO suspensa ou cancelada pelo \u00f3rg\u00e3o outorgante.<\/p><p>Existem outras licen\u00e7as que podem ser necess\u00e1rias:<\/p><p><strong>Renova\u00e7\u00e3o de Licen\u00e7a de Opera\u00e7\u00e3o (RLO)<\/strong>\u00a0\u2013 Como a Licen\u00e7a de Opera\u00e7\u00e3o tem validade de um a quatro anos, no m\u00ednimo com a anteced\u00eancia de 120 dias da expira\u00e7\u00e3o do prazo, dever\u00e1 ser solicitada a Renova\u00e7\u00e3o de Licen\u00e7a de Opera\u00e7\u00e3o, quando o \u00f3rg\u00e3o competente verifica se o empreendimento continua funcionando em acordo com as condicionantes da licen\u00e7a anterior e emite nova licen\u00e7a v\u00e1lida.<\/p><p><strong>Licen\u00e7a Simplificada (LS) ou Licen\u00e7a Ambiental Simplificada (LAS)<\/strong>\u00a0\u2013 para empreendimentos ou atividades de pequeno porte e baixo potencial poluidor, concedida antes de iniciar a implanta\u00e7\u00e3o do empreendimento, em uma \u00fanica fase, atestando a viabilidade ambiental, aprovando a localiza\u00e7\u00e3o e autorizando a implanta\u00e7\u00e3o e a opera\u00e7\u00e3o de empreendimento.<\/p><p><strong>Dispensa de Licenciamento Ambiental Estadual (DLAE)<\/strong>\u00a0\u2013 quando o licenciamento n\u00e3o compete ao \u00f3rg\u00e3o ambiental estadual, conforme crit\u00e9rios espec\u00edficos de cada \u00f3rg\u00e3o, pode-se requerer a Declara\u00e7\u00e3o de Dispensa de Licenciamento Ambiental Estadual, caso seja necess\u00e1rio comprovar essa situa\u00e7\u00e3o. A DLAE n\u00e3o exime o dispensado das exig\u00eancias legais ambientais.<\/p><p><strong>Licen\u00e7a Ambiental de Recupera\u00e7\u00e3o (LAR)<\/strong>\u00a0\u2013 autoriza a recupera\u00e7\u00e3o de \u00e1reas contaminadas em empreendimentos fechados, desativados ou abandonados ou de \u00e1reas degradadas, de acordo com os crit\u00e9rios t\u00e9cnicos e normativos.<\/p><p><strong>Licen\u00e7a de Opera\u00e7\u00e3o de Regulariza\u00e7\u00e3o (LOR)<\/strong>: concede autoriza\u00e7\u00e3o para opera\u00e7\u00e3o de atividade ou empreendimento, com medidas de controle ambiental, para empreendimentos que comprovadamente j\u00e1 estava instaladas antes de determinado marco temporal, definido pelo \u00f3rg\u00e3o ambiental competente, em geral a partir da data de vig\u00eancia da norma que tiver regulamentado o licenciamento no referido \u00f3rg\u00e3o.<\/p><p>H\u00e1 ainda a possibilidade de procedimento simplificado para o licenciamento ambiental, com a emiss\u00e3o de Licen\u00e7a Pr\u00e9via e de Instala\u00e7\u00e3o (LPI) ou de Licen\u00e7a de Instala\u00e7\u00e3o e Opera\u00e7\u00e3o (LIO).<\/p><p><strong>Autoriza\u00e7\u00e3o Ambiental:<\/strong>\u00a0expedidas para atividades de car\u00e1ter tempor\u00e1rio, com validade pelo per\u00edodo m\u00e1ximo de um ano. \u00c9 necess\u00e1rio obter autoriza\u00e7\u00e3o ambiental, por exemplo, para a supress\u00e3o de vegeta\u00e7\u00e3o nativa ou para a movimenta\u00e7\u00e3o de terra, entre outras.<\/p><p>\u00a0<\/p><h3><a id=\"Como_a_Supriete_Saneamento_pode_ajudar\"><\/a>Como a Supriete Saneamento pode ajudar?<\/h3><p>\u00a0<\/p><p>A\u00a0<strong>Supriete<\/strong>\u00a0Saneamento possui uma\u00a0equipe multidisciplinar\u00a0capacitada para protocolar e acompanhar o licenciamento ambiental de seu empreendimento e auxiliar no cumprimento das exig\u00eancias t\u00e9cnicas do \u00f3rg\u00e3o ambiental. Nosso objetivo \u00e9 viabilizar o seu empreendimento, equacionando e minimizando impactos ambientais, oferecendo solu\u00e7\u00f5es sustent\u00e1veis para seu neg\u00f3cio.<\/p><\/div>\n\t\t\t\t\t\t\t<\/div>\n\t\t<\/div>\n\t\t\t\t<\/div>\n\t\t\t\t<\/div>\n\t\t\t\t\t<\/div>\n\t\t<\/div>\n\t\t\t\t\t\t\t<\/div>\n\t\t<\/section>\n\t\t\t\t<section class=\"elementor-section elementor-top-section elementor-element elementor-element-71df9c1b elementor-section-boxed elementor-section-height-default elementor-section-height-default\" data-id=\"71df9c1b\" data-element_type=\"section\">\n\t\t\t\t\t\t<div class=\"elementor-container elementor-column-gap-default\">\n\t\t\t\t\t\t\t\t<\/div>\n\t\t<\/section>\n\t\t\t\t\t\t<\/div>\n\t\t\t\t\t<\/div>\n\t\t","protected":false},"excerpt":{"rendered":"<p>Licenciamento Ambiental Licenciamento Ambiental Licenciamento Ambiental QUEM REALIZA O LICENCIAMENTO AMBIENTAL? \u00a0 Conforme a Resolu\u00e7\u00e3o CONAMA n\u00ba237\/1997, entre outras normas, a compet\u00eancia para licenciar \u00e9 dos \u00f3rg\u00e3os integrantes do Sistema Nacional do Meio Ambiente \u2013 SISNAMA, respons\u00e1veis pela prote\u00e7\u00e3o e melhoria da qualidade ambiental. O licenciamento pode ser de compet\u00eancia da esfera federal, estadual ou [&hellip;]<\/p>\n","protected":false},"author":1,"featured_media":0,"parent":0,"menu_order":0,"comment_status":"closed","ping_status":"closed","template":"elementor_header_footer","meta":{"footnotes":""},"class_list":["post-540","page","type-page","status-publish","hentry"],"_links":{"self":[{"href":"https:\/\/supriete.com.br\/index.php\/wp-json\/wp\/v2\/pages\/540","targetHints":{"allow":["GET"]}}],"collection":[{"href":"https:\/\/supriete.com.br\/index.php\/wp-json\/wp\/v2\/pages"}],"about":[{"href":"https:\/\/supriete.com.br\/index.php\/wp-json\/wp\/v2\/types\/page"}],"author":[{"embeddable":true,"href":"https:\/\/supriete.com.br\/index.php\/wp-json\/wp\/v2\/users\/1"}],"replies":[{"embeddable":true,"href":"https:\/\/supriete.com.br\/index.php\/wp-json\/wp\/v2\/comments?post=540"}],"version-history":[{"count":19,"href":"https:\/\/supriete.com.br\/index.php\/wp-json\/wp\/v2\/pages\/540\/revisions"}],"predecessor-version":[{"id":2404,"href":"https:\/\/supriete.com.br\/index.php\/wp-json\/wp\/v2\/pages\/540\/revisions\/2404"}],"wp:attachment":[{"href":"https:\/\/supriete.com.br\/index.php\/wp-json\/wp\/v2\/media?parent=540"}],"curies":[{"name":"wp","href":"https:\/\/api.w.org\/{rel}","templated":true}]}}