{"id":1056,"date":"2021-09-04T13:53:09","date_gmt":"2021-09-04T16:53:09","guid":{"rendered":"https:\/\/supriete.com.br\/?page_id=1056"},"modified":"2022-12-12T14:26:45","modified_gmt":"2022-12-12T17:26:45","slug":"blog","status":"publish","type":"page","link":"https:\/\/supriete.com.br\/index.php\/blog\/","title":{"rendered":"Blog"},"content":{"rendered":"\t\t<div data-elementor-type=\"wp-page\" data-elementor-id=\"1056\" class=\"elementor elementor-1056\" data-elementor-settings=\"[]\">\n\t\t\t\t\t\t\t<div class=\"elementor-section-wrap\">\n\t\t\t\t\t\t\t<section class=\"elementor-section elementor-top-section elementor-element elementor-element-aec1ed2 elementor-section-boxed elementor-section-height-default elementor-section-height-default\" data-id=\"aec1ed2\" data-element_type=\"section\">\n\t\t\t\t\t\t<div class=\"elementor-container elementor-column-gap-default\">\n\t\t\t\t\t<div class=\"elementor-column elementor-col-100 elementor-top-column elementor-element elementor-element-cdd2737\" data-id=\"cdd2737\" data-element_type=\"column\">\n\t\t\t<div class=\"elementor-widget-wrap elementor-element-populated\">\n\t\t\t\t\t\t\t\t<div class=\"elementor-element elementor-element-df63a97 elementor-widget elementor-widget-image\" data-id=\"df63a97\" data-element_type=\"widget\" data-widget_type=\"image.default\">\n\t\t\t\t<div class=\"elementor-widget-container\">\n\t\t\t\t\t\t\t\t\t\t\t\t\t\t\t<img loading=\"lazy\" decoding=\"async\" width=\"800\" height=\"400\" src=\"https:\/\/supriete.com.br\/wp-content\/uploads\/2022\/12\/WhatsApp-Image-2022-12-11-at-13.58.56-1024x512.jpeg\" class=\"attachment-large size-large\" alt=\"\" srcset=\"https:\/\/supriete.com.br\/wp-content\/uploads\/2022\/12\/WhatsApp-Image-2022-12-11-at-13.58.56-1024x512.jpeg 1024w, https:\/\/supriete.com.br\/wp-content\/uploads\/2022\/12\/WhatsApp-Image-2022-12-11-at-13.58.56-300x150.jpeg 300w, https:\/\/supriete.com.br\/wp-content\/uploads\/2022\/12\/WhatsApp-Image-2022-12-11-at-13.58.56-768x384.jpeg 768w, https:\/\/supriete.com.br\/wp-content\/uploads\/2022\/12\/WhatsApp-Image-2022-12-11-at-13.58.56-1536x768.jpeg 1536w, https:\/\/supriete.com.br\/wp-content\/uploads\/2022\/12\/WhatsApp-Image-2022-12-11-at-13.58.56.jpeg 1599w\" sizes=\"auto, (max-width: 800px) 100vw, 800px\" \/>\t\t\t\t\t\t\t\t\t\t\t\t\t\t\t<\/div>\n\t\t\t\t<\/div>\n\t\t\t\t\t<\/div>\n\t\t<\/div>\n\t\t\t\t\t\t\t<\/div>\n\t\t<\/section>\n\t\t\t\t<section class=\"elementor-section elementor-top-section elementor-element elementor-element-33adf61 elementor-section-boxed elementor-section-height-default elementor-section-height-default elementor-invisible\" data-id=\"33adf61\" data-element_type=\"section\" data-settings=\"{&quot;animation&quot;:&quot;fadeIn&quot;}\">\n\t\t\t\t\t\t<div class=\"elementor-container elementor-column-gap-default\">\n\t\t\t\t\t<div class=\"elementor-column elementor-col-33 elementor-top-column elementor-element elementor-element-8dab1ab\" data-id=\"8dab1ab\" data-element_type=\"column\">\n\t\t\t<div class=\"elementor-widget-wrap elementor-element-populated\">\n\t\t\t\t\t\t\t\t<div class=\"elementor-element elementor-element-5b43a9c elementor-widget elementor-widget-image\" data-id=\"5b43a9c\" data-element_type=\"widget\" data-widget_type=\"image.default\">\n\t\t\t\t<div class=\"elementor-widget-container\">\n\t\t\t\t\t\t\t\t\t\t\t\t\t\t\t\t<a href=\"https:\/\/supriete.com.br\/index.php\/licenciamentoambiental\/\">\n\t\t\t\t\t\t\t<img loading=\"lazy\" decoding=\"async\" width=\"2560\" height=\"1707\" src=\"https:\/\/supriete.com.br\/wp-content\/uploads\/2021\/09\/young-married-couple-with-many-debts-doing-paperwork-together-reviewing-their-bills-planning-family-budget-and-calculating-finances-at-kitchen-table-with-papers-scaled.jpg\" class=\"elementor-animation-float attachment-full size-full\" alt=\"\" srcset=\"https:\/\/supriete.com.br\/wp-content\/uploads\/2021\/09\/young-married-couple-with-many-debts-doing-paperwork-together-reviewing-their-bills-planning-family-budget-and-calculating-finances-at-kitchen-table-with-papers-scaled.jpg 2560w, https:\/\/supriete.com.br\/wp-content\/uploads\/2021\/09\/young-married-couple-with-many-debts-doing-paperwork-together-reviewing-their-bills-planning-family-budget-and-calculating-finances-at-kitchen-table-with-papers-300x200.jpg 300w, https:\/\/supriete.com.br\/wp-content\/uploads\/2021\/09\/young-married-couple-with-many-debts-doing-paperwork-together-reviewing-their-bills-planning-family-budget-and-calculating-finances-at-kitchen-table-with-papers-1024x683.jpg 1024w, https:\/\/supriete.com.br\/wp-content\/uploads\/2021\/09\/young-married-couple-with-many-debts-doing-paperwork-together-reviewing-their-bills-planning-family-budget-and-calculating-finances-at-kitchen-table-with-papers-768x512.jpg 768w, https:\/\/supriete.com.br\/wp-content\/uploads\/2021\/09\/young-married-couple-with-many-debts-doing-paperwork-together-reviewing-their-bills-planning-family-budget-and-calculating-finances-at-kitchen-table-with-papers-1536x1024.jpg 1536w, https:\/\/supriete.com.br\/wp-content\/uploads\/2021\/09\/young-married-couple-with-many-debts-doing-paperwork-together-reviewing-their-bills-planning-family-budget-and-calculating-finances-at-kitchen-table-with-papers-2048x1365.jpg 2048w\" sizes=\"auto, (max-width: 2560px) 100vw, 2560px\" \/>\t\t\t\t\t\t\t\t<\/a>\n\t\t\t\t\t\t\t\t\t\t\t\t\t\t\t<\/div>\n\t\t\t\t<\/div>\n\t\t\t\t<div class=\"elementor-element elementor-element-04cc05a elementor-widget elementor-widget-heading\" data-id=\"04cc05a\" data-element_type=\"widget\" data-widget_type=\"heading.default\">\n\t\t\t\t<div class=\"elementor-widget-container\">\n\t\t\t<h5 class=\"elementor-heading-title elementor-size-default\">J\u00e1 Pensou em economizar at\u00e9 50% da sua conta de \u00e1gua?<\/h5>\t\t<\/div>\n\t\t\t\t<\/div>\n\t\t\t\t<div class=\"elementor-element elementor-element-29f06ee elementor-widget elementor-widget-text-editor\" data-id=\"29f06ee\" data-element_type=\"widget\" data-widget_type=\"text-editor.default\">\n\t\t\t\t<div class=\"elementor-widget-container\">\n\t\t\t\t\t\t\t<p>Conforme a Resolu\u00e7\u00e3o CONAMA n\u00ba237\/1997, entre outras normas, a compet\u00eancia para licenciar \u00e9 dos \u00f3rg\u00e3os integrantes do Sistema Nacional do Meio Ambiente \u2013 SISNAMA, respons\u00e1veis pela prote\u00e7\u00e3o e melhoria da qualidade ambiental&#8230;<\/p>\t\t\t\t\t\t<\/div>\n\t\t\t\t<\/div>\n\t\t\t\t<div class=\"elementor-element elementor-element-cd2437c elementor-align-left elementor-tablet-align-center elementor-icon-list--layout-traditional elementor-list-item-link-full_width elementor-widget elementor-widget-icon-list\" data-id=\"cd2437c\" data-element_type=\"widget\" data-widget_type=\"icon-list.default\">\n\t\t\t\t<div class=\"elementor-widget-container\">\n\t\t\t\t\t<ul class=\"elementor-icon-list-items\">\n\t\t\t\t\t\t\t<li class=\"elementor-icon-list-item\">\n\t\t\t\t\t\t\t\t\t\t\t<a href=\"https:\/\/supriete.com.br\/index.php\/2021\/09\/07\/economia-na-conta-de-agua\/\">\n\n\t\t\t\t\t\t\t\t\t\t\t\t<span class=\"elementor-icon-list-icon\">\n\t\t\t\t\t\t\t<i aria-hidden=\"true\" class=\"fas fa-arrow-circle-right\"><\/i>\t\t\t\t\t\t<\/span>\n\t\t\t\t\t\t\t\t\t\t<span class=\"elementor-icon-list-text\">Ler artigo<\/span>\n\t\t\t\t\t\t\t\t\t\t\t<\/a>\n\t\t\t\t\t\t\t\t\t<\/li>\n\t\t\t\t\t\t<\/ul>\n\t\t\t\t<\/div>\n\t\t\t\t<\/div>\n\t\t\t\t\t<\/div>\n\t\t<\/div>\n\t\t\t\t<div class=\"elementor-column elementor-col-33 elementor-top-column elementor-element elementor-element-cdbddcd\" data-id=\"cdbddcd\" data-element_type=\"column\">\n\t\t\t<div class=\"elementor-widget-wrap elementor-element-populated\">\n\t\t\t\t\t\t\t\t<div class=\"elementor-element elementor-element-2b6c6ec elementor-widget elementor-widget-image\" data-id=\"2b6c6ec\" data-element_type=\"widget\" data-widget_type=\"image.default\">\n\t\t\t\t<div class=\"elementor-widget-container\">\n\t\t\t\t\t\t\t\t\t\t\t\t\t\t\t\t<a href=\"https:\/\/supriete.com.br\/index.php\/licenciamentoambiental\/\">\n\t\t\t\t\t\t\t<img loading=\"lazy\" decoding=\"async\" width=\"2560\" height=\"1707\" src=\"https:\/\/supriete.com.br\/wp-content\/uploads\/2021\/09\/washing-hands-with-soap-for-prevent-disease-scaled.jpg\" class=\"elementor-animation-float attachment-full size-full\" alt=\"\" srcset=\"https:\/\/supriete.com.br\/wp-content\/uploads\/2021\/09\/washing-hands-with-soap-for-prevent-disease-scaled.jpg 2560w, https:\/\/supriete.com.br\/wp-content\/uploads\/2021\/09\/washing-hands-with-soap-for-prevent-disease-300x200.jpg 300w, https:\/\/supriete.com.br\/wp-content\/uploads\/2021\/09\/washing-hands-with-soap-for-prevent-disease-1024x683.jpg 1024w, https:\/\/supriete.com.br\/wp-content\/uploads\/2021\/09\/washing-hands-with-soap-for-prevent-disease-768x512.jpg 768w, https:\/\/supriete.com.br\/wp-content\/uploads\/2021\/09\/washing-hands-with-soap-for-prevent-disease-1536x1024.jpg 1536w, https:\/\/supriete.com.br\/wp-content\/uploads\/2021\/09\/washing-hands-with-soap-for-prevent-disease-2048x1365.jpg 2048w\" sizes=\"auto, (max-width: 2560px) 100vw, 2560px\" \/>\t\t\t\t\t\t\t\t<\/a>\n\t\t\t\t\t\t\t\t\t\t\t\t\t\t\t<\/div>\n\t\t\t\t<\/div>\n\t\t\t\t<div class=\"elementor-element elementor-element-a711f28 elementor-widget elementor-widget-heading\" data-id=\"a711f28\" data-element_type=\"widget\" data-widget_type=\"heading.default\">\n\t\t\t\t<div class=\"elementor-widget-container\">\n\t\t\t<h5 class=\"elementor-heading-title elementor-size-default\">3 benef\u00edcios pr\u00e1ticos do saneamento ambiental para a popula\u00e7\u00e3o e a economia!<\/h5>\t\t<\/div>\n\t\t\t\t<\/div>\n\t\t\t\t<div class=\"elementor-element elementor-element-1fcb2f2 elementor-widget elementor-widget-text-editor\" data-id=\"1fcb2f2\" data-element_type=\"widget\" data-widget_type=\"text-editor.default\">\n\t\t\t\t<div class=\"elementor-widget-container\">\n\t\t\t\t\t\t\t<p><span style=\"vertical-align: inherit;\">O Saneamento Ambiental consiste em uma s\u00e9rie de servi\u00e7os, os quais englobam n\u00e3o somente a coleta e tratamento de esgoto e o abastecimento de \u00e1gua, mas tamb\u00e9m a drenagem das \u00e1guas da chuva e o correto gerenciamento de&#8230;<\/span><\/p>\t\t\t\t\t\t<\/div>\n\t\t\t\t<\/div>\n\t\t\t\t<div class=\"elementor-element elementor-element-2453513 elementor-align-left elementor-tablet-align-center elementor-icon-list--layout-traditional elementor-list-item-link-full_width elementor-widget elementor-widget-icon-list\" data-id=\"2453513\" data-element_type=\"widget\" data-widget_type=\"icon-list.default\">\n\t\t\t\t<div class=\"elementor-widget-container\">\n\t\t\t\t\t<ul class=\"elementor-icon-list-items\">\n\t\t\t\t\t\t\t<li class=\"elementor-icon-list-item\">\n\t\t\t\t\t\t\t\t\t\t\t<a href=\"https:\/\/supriete.com.br\/index.php\/2021\/09\/21\/3-beneficios-praticos-do-saneamento-ambiental-para-a-populacao-e-a-economia\/\">\n\n\t\t\t\t\t\t\t\t\t\t\t\t<span class=\"elementor-icon-list-icon\">\n\t\t\t\t\t\t\t<i aria-hidden=\"true\" class=\"fas fa-arrow-circle-right\"><\/i>\t\t\t\t\t\t<\/span>\n\t\t\t\t\t\t\t\t\t\t<span class=\"elementor-icon-list-text\">Ler artigo<\/span>\n\t\t\t\t\t\t\t\t\t\t\t<\/a>\n\t\t\t\t\t\t\t\t\t<\/li>\n\t\t\t\t\t\t<\/ul>\n\t\t\t\t<\/div>\n\t\t\t\t<\/div>\n\t\t\t\t\t<\/div>\n\t\t<\/div>\n\t\t\t\t<div class=\"elementor-column elementor-col-33 elementor-top-column elementor-element elementor-element-9d9e6b2\" data-id=\"9d9e6b2\" data-element_type=\"column\">\n\t\t\t<div class=\"elementor-widget-wrap elementor-element-populated\">\n\t\t\t\t\t\t\t\t<div class=\"elementor-element elementor-element-62da3b6 elementor-widget elementor-widget-image\" data-id=\"62da3b6\" data-element_type=\"widget\" data-widget_type=\"image.default\">\n\t\t\t\t<div class=\"elementor-widget-container\">\n\t\t\t\t\t\t\t\t\t\t\t\t\t\t\t\t<a href=\"https:\/\/supriete.com.br\/index.php\/licenciamentoambiental\/\">\n\t\t\t\t\t\t\t<img loading=\"lazy\" decoding=\"async\" width=\"2918\" height=\"1667\" src=\"https:\/\/supriete.com.br\/wp-content\/uploads\/2021\/09\/19Z_2105.w020.n001.1248B.p15.1248-Convertido.png\" class=\"elementor-animation-float attachment-full size-full\" alt=\"\" srcset=\"https:\/\/supriete.com.br\/wp-content\/uploads\/2021\/09\/19Z_2105.w020.n001.1248B.p15.1248-Convertido.png 2918w, https:\/\/supriete.com.br\/wp-content\/uploads\/2021\/09\/19Z_2105.w020.n001.1248B.p15.1248-Convertido-300x171.png 300w, https:\/\/supriete.com.br\/wp-content\/uploads\/2021\/09\/19Z_2105.w020.n001.1248B.p15.1248-Convertido-1024x585.png 1024w, https:\/\/supriete.com.br\/wp-content\/uploads\/2021\/09\/19Z_2105.w020.n001.1248B.p15.1248-Convertido-768x439.png 768w, https:\/\/supriete.com.br\/wp-content\/uploads\/2021\/09\/19Z_2105.w020.n001.1248B.p15.1248-Convertido-1536x877.png 1536w, https:\/\/supriete.com.br\/wp-content\/uploads\/2021\/09\/19Z_2105.w020.n001.1248B.p15.1248-Convertido-2048x1170.png 2048w\" sizes=\"auto, (max-width: 2918px) 100vw, 2918px\" \/>\t\t\t\t\t\t\t\t<\/a>\n\t\t\t\t\t\t\t\t\t\t\t\t\t\t\t<\/div>\n\t\t\t\t<\/div>\n\t\t\t\t<div class=\"elementor-element elementor-element-d9297a4 elementor-widget elementor-widget-heading\" data-id=\"d9297a4\" data-element_type=\"widget\" data-widget_type=\"heading.default\">\n\t\t\t\t<div class=\"elementor-widget-container\">\n\t\t\t<h5 class=\"elementor-heading-title elementor-size-default\">Quais problemas a falta de manuten\u00e7\u00e3o ou a opera\u00e7\u00e3o incorreta de uma ETE podem causar?<\/h5>\t\t<\/div>\n\t\t\t\t<\/div>\n\t\t\t\t<div class=\"elementor-element elementor-element-7fd4198 elementor-widget elementor-widget-text-editor\" data-id=\"7fd4198\" data-element_type=\"widget\" data-widget_type=\"text-editor.default\">\n\t\t\t\t<div class=\"elementor-widget-container\">\n\t\t\t\t\t\t\t<p><span style=\"vertical-align: inherit;\">Cada vez mais tem se desenvolvido a tecnologia dos processos de tratamento de efluentes, garantindo que o descarte seja menos impactante ao meio ambiente, custos e redu\u00e7\u00e3o a quantidade de \u00e1gua de descarte reutilizada, bem como a \u00e1gua pot\u00e1vel economizada&#8230;<\/span><\/p>\t\t\t\t\t\t<\/div>\n\t\t\t\t<\/div>\n\t\t\t\t<div class=\"elementor-element elementor-element-bde1ca3 elementor-align-left elementor-tablet-align-center elementor-icon-list--layout-traditional elementor-list-item-link-full_width elementor-widget elementor-widget-icon-list\" data-id=\"bde1ca3\" data-element_type=\"widget\" data-widget_type=\"icon-list.default\">\n\t\t\t\t<div class=\"elementor-widget-container\">\n\t\t\t\t\t<ul class=\"elementor-icon-list-items\">\n\t\t\t\t\t\t\t<li class=\"elementor-icon-list-item\">\n\t\t\t\t\t\t\t\t\t\t\t<a href=\"https:\/\/supriete.com.br\/index.php\/2021\/09\/21\/quais-problemas-a-falta-de-manutencao-ou-a-operacao-incorreta-de-uma-ete-podem-causar\/\">\n\n\t\t\t\t\t\t\t\t\t\t\t\t<span class=\"elementor-icon-list-icon\">\n\t\t\t\t\t\t\t<i aria-hidden=\"true\" class=\"fas fa-arrow-circle-right\"><\/i>\t\t\t\t\t\t<\/span>\n\t\t\t\t\t\t\t\t\t\t<span class=\"elementor-icon-list-text\">Ler artigo<\/span>\n\t\t\t\t\t\t\t\t\t\t\t<\/a>\n\t\t\t\t\t\t\t\t\t<\/li>\n\t\t\t\t\t\t<\/ul>\n\t\t\t\t<\/div>\n\t\t\t\t<\/div>\n\t\t\t\t\t<\/div>\n\t\t<\/div>\n\t\t\t\t\t\t\t<\/div>\n\t\t<\/section>\n\t\t\t\t<section class=\"elementor-section elementor-top-section elementor-element elementor-element-0599bc1 elementor-section-boxed elementor-section-height-default elementor-section-height-default elementor-invisible\" data-id=\"0599bc1\" data-element_type=\"section\" data-settings=\"{&quot;animation&quot;:&quot;fadeIn&quot;}\">\n\t\t\t\t\t\t<div class=\"elementor-container elementor-column-gap-default\">\n\t\t\t\t\t<div class=\"elementor-column elementor-col-50 elementor-top-column elementor-element elementor-element-b018c23\" data-id=\"b018c23\" data-element_type=\"column\">\n\t\t\t<div class=\"elementor-widget-wrap elementor-element-populated\">\n\t\t\t\t\t\t\t\t<div class=\"elementor-element elementor-element-6abd49b elementor-widget elementor-widget-image\" data-id=\"6abd49b\" data-element_type=\"widget\" data-widget_type=\"image.default\">\n\t\t\t\t<div class=\"elementor-widget-container\">\n\t\t\t\t\t\t\t\t\t\t\t\t\t\t\t\t<a href=\"https:\/\/supriete.com.br\/index.php\/licenciamentoambiental\/\">\n\t\t\t\t\t\t\t<img loading=\"lazy\" decoding=\"async\" width=\"1594\" height=\"964\" src=\"https:\/\/supriete.com.br\/wp-content\/uploads\/2021\/09\/sustentabilidade-empresarial.jpg\" class=\"elementor-animation-float attachment-full size-full\" alt=\"\" srcset=\"https:\/\/supriete.com.br\/wp-content\/uploads\/2021\/09\/sustentabilidade-empresarial.jpg 1594w, https:\/\/supriete.com.br\/wp-content\/uploads\/2021\/09\/sustentabilidade-empresarial-300x181.jpg 300w, https:\/\/supriete.com.br\/wp-content\/uploads\/2021\/09\/sustentabilidade-empresarial-1024x619.jpg 1024w, https:\/\/supriete.com.br\/wp-content\/uploads\/2021\/09\/sustentabilidade-empresarial-768x464.jpg 768w, https:\/\/supriete.com.br\/wp-content\/uploads\/2021\/09\/sustentabilidade-empresarial-1536x929.jpg 1536w\" sizes=\"auto, (max-width: 1594px) 100vw, 1594px\" \/>\t\t\t\t\t\t\t\t<\/a>\n\t\t\t\t\t\t\t\t\t\t\t\t\t\t\t<\/div>\n\t\t\t\t<\/div>\n\t\t\t\t<div class=\"elementor-element elementor-element-23c857b elementor-widget elementor-widget-heading\" data-id=\"23c857b\" data-element_type=\"widget\" data-widget_type=\"heading.default\">\n\t\t\t\t<div class=\"elementor-widget-container\">\n\t\t\t<h5 class=\"elementor-heading-title elementor-size-default\">Como a Supriete Saneamento pode evitar que voc\u00ea tenha problemas com leis ambientais?<\/h5>\t\t<\/div>\n\t\t\t\t<\/div>\n\t\t\t\t<div class=\"elementor-element elementor-element-d4fe5a2 elementor-widget elementor-widget-text-editor\" data-id=\"d4fe5a2\" data-element_type=\"widget\" data-widget_type=\"text-editor.default\">\n\t\t\t\t<div class=\"elementor-widget-container\">\n\t\t\t\t\t\t\t<p>A lei ambiental \u00e9 uma das mais rigorosas existentes, principalmente no nosso pa\u00eds, prevendo todo tipo de cuidados que as empresas precisam ter com o meio ambiente, bem como as san\u00e7\u00f5es \u00e0s&#8230;.<\/p><p>\u00a0<\/p>\t\t\t\t\t\t<\/div>\n\t\t\t\t<\/div>\n\t\t\t\t<div class=\"elementor-element elementor-element-90a9e8c elementor-align-left elementor-tablet-align-center elementor-icon-list--layout-traditional elementor-list-item-link-full_width elementor-widget elementor-widget-icon-list\" data-id=\"90a9e8c\" data-element_type=\"widget\" data-widget_type=\"icon-list.default\">\n\t\t\t\t<div class=\"elementor-widget-container\">\n\t\t\t\t\t<ul class=\"elementor-icon-list-items\">\n\t\t\t\t\t\t\t<li class=\"elementor-icon-list-item\">\n\t\t\t\t\t\t\t\t\t\t\t<a href=\"https:\/\/supriete.com.br\/index.php\/2021\/09\/22\/como-a-supriete-saneamento-pode-evitar-que-voce-tenha-problemas-com-leis-ambientais\/\">\n\n\t\t\t\t\t\t\t\t\t\t\t\t<span class=\"elementor-icon-list-icon\">\n\t\t\t\t\t\t\t<i aria-hidden=\"true\" class=\"fas fa-arrow-circle-right\"><\/i>\t\t\t\t\t\t<\/span>\n\t\t\t\t\t\t\t\t\t\t<span class=\"elementor-icon-list-text\">Ler artigo<\/span>\n\t\t\t\t\t\t\t\t\t\t\t<\/a>\n\t\t\t\t\t\t\t\t\t<\/li>\n\t\t\t\t\t\t<\/ul>\n\t\t\t\t<\/div>\n\t\t\t\t<\/div>\n\t\t\t\t\t<\/div>\n\t\t<\/div>\n\t\t\t\t<div class=\"elementor-column elementor-col-50 elementor-top-column elementor-element elementor-element-2a2fb34\" data-id=\"2a2fb34\" data-element_type=\"column\">\n\t\t\t<div class=\"elementor-widget-wrap elementor-element-populated\">\n\t\t\t\t\t\t\t\t<div class=\"elementor-element elementor-element-dd9e6cc elementor-widget elementor-widget-image\" data-id=\"dd9e6cc\" data-element_type=\"widget\" data-widget_type=\"image.default\">\n\t\t\t\t<div class=\"elementor-widget-container\">\n\t\t\t\t\t\t\t\t\t\t\t\t\t\t\t\t<a href=\"https:\/\/supriete.com.br\/index.php\/licenciamentoambiental\/\">\n\t\t\t\t\t\t\t<img loading=\"lazy\" decoding=\"async\" width=\"1380\" height=\"920\" src=\"https:\/\/supriete.com.br\/wp-content\/uploads\/2021\/10\/favela-osasco.jpg\" class=\"elementor-animation-float attachment-full size-full\" alt=\"\" srcset=\"https:\/\/supriete.com.br\/wp-content\/uploads\/2021\/10\/favela-osasco.jpg 1380w, https:\/\/supriete.com.br\/wp-content\/uploads\/2021\/10\/favela-osasco-300x200.jpg 300w, https:\/\/supriete.com.br\/wp-content\/uploads\/2021\/10\/favela-osasco-1024x683.jpg 1024w, https:\/\/supriete.com.br\/wp-content\/uploads\/2021\/10\/favela-osasco-768x512.jpg 768w\" sizes=\"auto, (max-width: 1380px) 100vw, 1380px\" \/>\t\t\t\t\t\t\t\t<\/a>\n\t\t\t\t\t\t\t\t\t\t\t\t\t\t\t<\/div>\n\t\t\t\t<\/div>\n\t\t\t\t<div class=\"elementor-element elementor-element-64c9a12 elementor-widget elementor-widget-heading\" data-id=\"64c9a12\" data-element_type=\"widget\" data-widget_type=\"heading.default\">\n\t\t\t\t<div class=\"elementor-widget-container\">\n\t\t\t<h5 class=\"elementor-heading-title elementor-size-default\">Saneamento b\u00e1sico e meio ambiente: quais os impactos no dia a dia das cidades?<\/h5>\t\t<\/div>\n\t\t\t\t<\/div>\n\t\t\t\t<div class=\"elementor-element elementor-element-e009a8b elementor-widget elementor-widget-text-editor\" data-id=\"e009a8b\" data-element_type=\"widget\" data-widget_type=\"text-editor.default\">\n\t\t\t\t<div class=\"elementor-widget-container\">\n\t\t\t\t\t\t\t<p>Conviver em harmonia com a natureza \u00e9 algo que tem sido muito valorizado na atualidade e influencia at\u00e9 mesmo na economia dos pa\u00edses. Mas e a sua cidade? Voc\u00ea sabe o munic\u00edpio em que voc\u00ea vive faz para promover um avan\u00e7&#8230;<br \/><br \/><\/p>\t\t\t\t\t\t<\/div>\n\t\t\t\t<\/div>\n\t\t\t\t<div class=\"elementor-element elementor-element-3540316 elementor-align-left elementor-tablet-align-center elementor-icon-list--layout-traditional elementor-list-item-link-full_width elementor-widget elementor-widget-icon-list\" data-id=\"3540316\" data-element_type=\"widget\" data-widget_type=\"icon-list.default\">\n\t\t\t\t<div class=\"elementor-widget-container\">\n\t\t\t\t\t<ul class=\"elementor-icon-list-items\">\n\t\t\t\t\t\t\t<li class=\"elementor-icon-list-item\">\n\t\t\t\t\t\t\t\t\t\t\t<a href=\"https:\/\/supriete.com.br\/index.php\/2021\/10\/21\/saneamento-basico-e-meio-ambiente-quais-os-impactos-no-dia-a-dia-das-cidades\/\">\n\n\t\t\t\t\t\t\t\t\t\t\t\t<span class=\"elementor-icon-list-icon\">\n\t\t\t\t\t\t\t<i aria-hidden=\"true\" class=\"fas fa-arrow-circle-right\"><\/i>\t\t\t\t\t\t<\/span>\n\t\t\t\t\t\t\t\t\t\t<span class=\"elementor-icon-list-text\">Ler artigo<\/span>\n\t\t\t\t\t\t\t\t\t\t\t<\/a>\n\t\t\t\t\t\t\t\t\t<\/li>\n\t\t\t\t\t\t<\/ul>\n\t\t\t\t<\/div>\n\t\t\t\t<\/div>\n\t\t\t\t\t<\/div>\n\t\t<\/div>\n\t\t\t\t\t\t\t<\/div>\n\t\t<\/section>\n\t\t\t\t\t\t<\/div>\n\t\t\t\t\t<\/div>\n\t\t","protected":false},"excerpt":{"rendered":"<p>J\u00e1 Pensou em economizar at\u00e9 50% da sua conta de \u00e1gua? Conforme a Resolu\u00e7\u00e3o CONAMA n\u00ba237\/1997, entre outras normas, a compet\u00eancia para licenciar \u00e9 dos \u00f3rg\u00e3os integrantes do Sistema Nacional do Meio Ambiente \u2013 SISNAMA, respons\u00e1veis pela prote\u00e7\u00e3o e melhoria da qualidade ambiental&#8230; Ler artigo 3 benef\u00edcios pr\u00e1ticos do saneamento ambiental para a popula\u00e7\u00e3o e [&hellip;]<\/p>\n","protected":false},"author":1,"featured_media":0,"parent":0,"menu_order":0,"comment_status":"closed","ping_status":"closed","template":"elementor_header_footer","meta":{"footnotes":""},"class_list":["post-1056","page","type-page","status-publish","hentry"],"_links":{"self":[{"href":"https:\/\/supriete.com.br\/index.php\/wp-json\/wp\/v2\/pages\/1056","targetHints":{"allow":["GET"]}}],"collection":[{"href":"https:\/\/supriete.com.br\/index.php\/wp-json\/wp\/v2\/pages"}],"about":[{"href":"https:\/\/supriete.com.br\/index.php\/wp-json\/wp\/v2\/types\/page"}],"author":[{"embeddable":true,"href":"https:\/\/supriete.com.br\/index.php\/wp-json\/wp\/v2\/users\/1"}],"replies":[{"embeddable":true,"href":"https:\/\/supriete.com.br\/index.php\/wp-json\/wp\/v2\/comments?post=1056"}],"version-history":[{"count":257,"href":"https:\/\/supriete.com.br\/index.php\/wp-json\/wp\/v2\/pages\/1056\/revisions"}],"predecessor-version":[{"id":2561,"href":"https:\/\/supriete.com.br\/index.php\/wp-json\/wp\/v2\/pages\/1056\/revisions\/2561"}],"wp:attachment":[{"href":"https:\/\/supriete.com.br\/index.php\/wp-json\/wp\/v2\/media?parent=1056"}],"curies":[{"name":"wp","href":"https:\/\/api.w.org\/{rel}","templated":true}]}}